{"id":262,"date":"2017-07-28T02:59:30","date_gmt":"2017-07-28T02:59:30","guid":{"rendered":"http:\/\/estampillascr.com\/blog-es\/?page_id=262"},"modified":"2019-07-19T03:42:57","modified_gmt":"2019-07-19T03:42:57","slug":"2-cts-1901-centro-invertido","status":"publish","type":"page","link":"https:\/\/estampillascr.com\/blog-es\/2-cts-1901-centro-invertido\/","title":{"rendered":"#1: 2 Cts de 1901 con centro invertido"},"content":{"rendered":"<hr \/>\n<p><img fetchpriority=\"high\" decoding=\"async\" class=\"aligncenter wp-image-187 size-full\" src=\"http:\/\/estampillascr.com\/blog-es\/wp-content\/uploads\/2017\/07\/151.jpg\" alt=\"Centros invertidos de 1907\" width=\"250\" height=\"296\" \/><\/p>\n<p style=\"text-align: center;\">2 Cts de 1901 con centro invertido, bien centrado, buen color. Hasta hace poco mencionado en el cat\u00e1logo Scott, pero conocido desde hace d\u00e9cadas. Su primera aparici\u00f3n en p\u00fablico fue en 1935 en la venta de la colecci\u00f3n de Arthur Hind. Este es el \u00fanico ejamplar reportado. Este es el error mas importante de la filatelia costarricense.<\/p>\n<p style=\"text-align: center;\"><strong>Precio de venta: $67,500<\/strong><\/p>\n<h6 style=\"text-align: center;\">&lt;-<a href=\"http:\/\/estampillascr.com\/blog-es\/2-centros-invertidos-1907\/\">Anterior<\/a><\/h6>\n<p><strong>No olvide visitar la <a href=\"http:\/\/philasupplies.com\/stamp-collecting-supplies-list\/\" target=\"_blank\" rel=\"noopener\">lista de accesorios filat\u00e9licos<\/a>!<\/strong><\/p>\n<p>No deje de leer nuestros <a href=\"https:\/\/estampillascr.com\/blog-es\/consejos-para-coleccionar-estampillas-o-sellos-de-correo-en-el-siglo-xxi\/\">consejos para coleccionar estampillas en el siglo XXI<\/a>.<\/p>\n<p>Para proteger sus estampillas y tarjetas de las manchas y da\u00f1os recomendamos los <a href=\"http:\/\/amzn.to\/2y6iGqh\">clasificadores Lighthouse<\/a>.<\/p>\n<p><a href=\"http:\/\/amzn.to\/2gjdHMO\">Microscopio digital de 5 MP Celestron.<\/a><\/p>\n<p>Proteja sus pliegos y documentos de gran tama\u00f1o con estas <a href=\"http:\/\/estampillascr.com\/blog\/best-way-store-and-handle-full-stamp-panes\/\">fundas protectoras.<\/a><\/p>\n<p><a href=\"https:\/\/amzn.to\/2SpsVyw\">Medidor de perforaciones manual<\/a>.<\/p>\n<p><a href=\"http:\/\/amzn.to\/2yDcp3J\">Medidor de perforaciones electr\u00f3nico de alta precisi\u00f3n.<\/a><\/p>\n","protected":false},"excerpt":{"rendered":"<p>2 Cts de 1901 con centro invertido, bien centrado, buen color. Hasta hace poco mencionado en el cat\u00e1logo Scott, pero conocido desde hace d\u00e9cadas. Su primera aparici\u00f3n en p\u00fablico fue en 1935 en la venta de la colecci\u00f3n de Arthur Hind. Este es el \u00fanico ejamplar reportado. Este es el error mas importante de la &hellip; <\/p>\n<p class=\"link-more\"><a href=\"https:\/\/estampillascr.com\/blog-es\/2-cts-1901-centro-invertido\/\" class=\"more-link\">Continuar leyendo<span class=\"screen-reader-text\"> \u00ab#1: 2 Cts de 1901 con centro invertido\u00bb<\/span><\/a><\/p>\n","protected":false},"author":1,"featured_media":0,"parent":0,"menu_order":0,"comment_status":"closed","ping_status":"closed","template":"","meta":{"_monsterinsights_skip_tracking":false,"_monsterinsights_sitenote_active":false,"_monsterinsights_sitenote_note":"","_monsterinsights_sitenote_category":0,"footnotes":""},"class_list":["post-262","page","type-page","status-publish","hentry"],"yoast_head":"<!-- This site is optimized with the Yoast SEO plugin v19.12 - https:\/\/yoast.com\/wordpress\/plugins\/seo\/ -->\n<title>#1: 2 Cts de 1901 con centro invertido - Estampillas de Costa Rica<\/title>\n<meta name=\"robots\" content=\"index, follow, max-snippet:-1, max-image-preview:large, max-video-preview:-1\" \/>\n<link rel=\"canonical\" href=\"https:\/\/estampillascr.com\/blog-es\/2-cts-1901-centro-invertido\/\" \/>\n<meta property=\"og:locale\" content=\"es_ES\" \/>\n<meta property=\"og:type\" content=\"article\" \/>\n<meta property=\"og:title\" content=\"#1: 2 Cts de 1901 con centro invertido - Estampillas de Costa Rica\" \/>\n<meta property=\"og:description\" content=\"2 Cts de 1901 con centro invertido, bien centrado, buen color. Hasta hace poco mencionado en el cat\u00e1logo Scott, pero conocido desde hace d\u00e9cadas. Su primera aparici\u00f3n en p\u00fablico fue en 1935 en la venta de la colecci\u00f3n de Arthur Hind. Este es el \u00fanico ejamplar reportado. Este es el error mas importante de la &hellip; Continuar leyendo &quot;#1: 2 Cts de 1901 con centro invertido&quot;\" \/>\n<meta property=\"og:url\" content=\"https:\/\/estampillascr.com\/blog-es\/2-cts-1901-centro-invertido\/\" \/>\n<meta property=\"og:site_name\" content=\"Estampillas de Costa Rica\" \/>\n<meta property=\"article:modified_time\" content=\"2019-07-19T03:42:57+00:00\" \/>\n<meta property=\"og:image\" content=\"http:\/\/estampillascr.com\/blog-es\/wp-content\/uploads\/2017\/07\/151.jpg\" \/>\n<meta name=\"twitter:card\" content=\"summary_large_image\" \/>\n<meta name=\"twitter:label1\" content=\"Tiempo de lectura\" \/>\n\t<meta name=\"twitter:data1\" content=\"1 minuto\" \/>\n<script type=\"application\/ld+json\" class=\"yoast-schema-graph\">{\"@context\":\"https:\/\/schema.org\",\"@graph\":[{\"@type\":\"WebPage\",\"@id\":\"https:\/\/estampillascr.com\/blog-es\/2-cts-1901-centro-invertido\/\",\"url\":\"https:\/\/estampillascr.com\/blog-es\/2-cts-1901-centro-invertido\/\",\"name\":\"#1: 2 Cts de 1901 con centro invertido - Estampillas de Costa Rica\",\"isPartOf\":{\"@id\":\"https:\/\/estampillascr.com\/blog-es\/#website\"},\"datePublished\":\"2017-07-28T02:59:30+00:00\",\"dateModified\":\"2019-07-19T03:42:57+00:00\",\"breadcrumb\":{\"@id\":\"https:\/\/estampillascr.com\/blog-es\/2-cts-1901-centro-invertido\/#breadcrumb\"},\"inLanguage\":\"es\",\"potentialAction\":[{\"@type\":\"ReadAction\",\"target\":[\"https:\/\/estampillascr.com\/blog-es\/2-cts-1901-centro-invertido\/\"]}]},{\"@type\":\"BreadcrumbList\",\"@id\":\"https:\/\/estampillascr.com\/blog-es\/2-cts-1901-centro-invertido\/#breadcrumb\",\"itemListElement\":[{\"@type\":\"ListItem\",\"position\":1,\"name\":\"Portada\",\"item\":\"https:\/\/estampillascr.com\/blog-es\/\"},{\"@type\":\"ListItem\",\"position\":2,\"name\":\"#1: 2 Cts de 1901 con centro invertido\"}]},{\"@type\":\"WebSite\",\"@id\":\"https:\/\/estampillascr.com\/blog-es\/#website\",\"url\":\"https:\/\/estampillascr.com\/blog-es\/\",\"name\":\"Estampillas de Costa Rica\",\"description\":\"Su fuente de conocimiento filat\u00e9lico (estampillas, historia postal, timbres, tarjetas y mas!)\",\"publisher\":{\"@id\":\"https:\/\/estampillascr.com\/blog-es\/#organization\"},\"potentialAction\":[{\"@type\":\"SearchAction\",\"target\":{\"@type\":\"EntryPoint\",\"urlTemplate\":\"https:\/\/estampillascr.com\/blog-es\/?s={search_term_string}\"},\"query-input\":\"required name=search_term_string\"}],\"inLanguage\":\"es\"},{\"@type\":\"Organization\",\"@id\":\"https:\/\/estampillascr.com\/blog-es\/#organization\",\"name\":\"Estampillas de Costa Rica\",\"url\":\"https:\/\/estampillascr.com\/blog-es\/\",\"logo\":{\"@type\":\"ImageObject\",\"inLanguage\":\"es\",\"@id\":\"https:\/\/estampillascr.com\/blog-es\/#\/schema\/logo\/image\/\",\"url\":\"https:\/\/estampillascr.com\/blog-es\/wp-content\/uploads\/2017\/06\/cropped-logotienda.png\",\"contentUrl\":\"https:\/\/estampillascr.com\/blog-es\/wp-content\/uploads\/2017\/06\/cropped-logotienda.png\",\"width\":988,\"height\":250,\"caption\":\"Estampillas de Costa Rica\"},\"image\":{\"@id\":\"https:\/\/estampillascr.com\/blog-es\/#\/schema\/logo\/image\/\"}}]}<\/script>\n<!-- \/ Yoast SEO plugin. -->","yoast_head_json":{"title":"#1: 2 Cts de 1901 con centro invertido - Estampillas de Costa Rica","robots":{"index":"index","follow":"follow","max-snippet":"max-snippet:-1","max-image-preview":"max-image-preview:large","max-video-preview":"max-video-preview:-1"},"canonical":"https:\/\/estampillascr.com\/blog-es\/2-cts-1901-centro-invertido\/","og_locale":"es_ES","og_type":"article","og_title":"#1: 2 Cts de 1901 con centro invertido - Estampillas de Costa Rica","og_description":"2 Cts de 1901 con centro invertido, bien centrado, buen color. Hasta hace poco mencionado en el cat\u00e1logo Scott, pero conocido desde hace d\u00e9cadas. Su primera aparici\u00f3n en p\u00fablico fue en 1935 en la venta de la colecci\u00f3n de Arthur Hind. Este es el \u00fanico ejamplar reportado. Este es el error mas importante de la &hellip; Continuar leyendo \"#1: 2 Cts de 1901 con centro invertido\"","og_url":"https:\/\/estampillascr.com\/blog-es\/2-cts-1901-centro-invertido\/","og_site_name":"Estampillas de Costa Rica","article_modified_time":"2019-07-19T03:42:57+00:00","og_image":[{"url":"http:\/\/estampillascr.com\/blog-es\/wp-content\/uploads\/2017\/07\/151.jpg"}],"twitter_card":"summary_large_image","twitter_misc":{"Tiempo de lectura":"1 minuto"},"schema":{"@context":"https:\/\/schema.org","@graph":[{"@type":"WebPage","@id":"https:\/\/estampillascr.com\/blog-es\/2-cts-1901-centro-invertido\/","url":"https:\/\/estampillascr.com\/blog-es\/2-cts-1901-centro-invertido\/","name":"#1: 2 Cts de 1901 con centro invertido - Estampillas de Costa Rica","isPartOf":{"@id":"https:\/\/estampillascr.com\/blog-es\/#website"},"datePublished":"2017-07-28T02:59:30+00:00","dateModified":"2019-07-19T03:42:57+00:00","breadcrumb":{"@id":"https:\/\/estampillascr.com\/blog-es\/2-cts-1901-centro-invertido\/#breadcrumb"},"inLanguage":"es","potentialAction":[{"@type":"ReadAction","target":["https:\/\/estampillascr.com\/blog-es\/2-cts-1901-centro-invertido\/"]}]},{"@type":"BreadcrumbList","@id":"https:\/\/estampillascr.com\/blog-es\/2-cts-1901-centro-invertido\/#breadcrumb","itemListElement":[{"@type":"ListItem","position":1,"name":"Portada","item":"https:\/\/estampillascr.com\/blog-es\/"},{"@type":"ListItem","position":2,"name":"#1: 2 Cts de 1901 con centro invertido"}]},{"@type":"WebSite","@id":"https:\/\/estampillascr.com\/blog-es\/#website","url":"https:\/\/estampillascr.com\/blog-es\/","name":"Estampillas de Costa Rica","description":"Su fuente de conocimiento filat\u00e9lico (estampillas, historia postal, timbres, tarjetas y mas!)","publisher":{"@id":"https:\/\/estampillascr.com\/blog-es\/#organization"},"potentialAction":[{"@type":"SearchAction","target":{"@type":"EntryPoint","urlTemplate":"https:\/\/estampillascr.com\/blog-es\/?s={search_term_string}"},"query-input":"required name=search_term_string"}],"inLanguage":"es"},{"@type":"Organization","@id":"https:\/\/estampillascr.com\/blog-es\/#organization","name":"Estampillas de Costa Rica","url":"https:\/\/estampillascr.com\/blog-es\/","logo":{"@type":"ImageObject","inLanguage":"es","@id":"https:\/\/estampillascr.com\/blog-es\/#\/schema\/logo\/image\/","url":"https:\/\/estampillascr.com\/blog-es\/wp-content\/uploads\/2017\/06\/cropped-logotienda.png","contentUrl":"https:\/\/estampillascr.com\/blog-es\/wp-content\/uploads\/2017\/06\/cropped-logotienda.png","width":988,"height":250,"caption":"Estampillas de Costa Rica"},"image":{"@id":"https:\/\/estampillascr.com\/blog-es\/#\/schema\/logo\/image\/"}}]}},"_links":{"self":[{"href":"https:\/\/estampillascr.com\/blog-es\/wp-json\/wp\/v2\/pages\/262","targetHints":{"allow":["GET"]}}],"collection":[{"href":"https:\/\/estampillascr.com\/blog-es\/wp-json\/wp\/v2\/pages"}],"about":[{"href":"https:\/\/estampillascr.com\/blog-es\/wp-json\/wp\/v2\/types\/page"}],"author":[{"embeddable":true,"href":"https:\/\/estampillascr.com\/blog-es\/wp-json\/wp\/v2\/users\/1"}],"replies":[{"embeddable":true,"href":"https:\/\/estampillascr.com\/blog-es\/wp-json\/wp\/v2\/comments?post=262"}],"version-history":[{"count":9,"href":"https:\/\/estampillascr.com\/blog-es\/wp-json\/wp\/v2\/pages\/262\/revisions"}],"predecessor-version":[{"id":657,"href":"https:\/\/estampillascr.com\/blog-es\/wp-json\/wp\/v2\/pages\/262\/revisions\/657"}],"wp:attachment":[{"href":"https:\/\/estampillascr.com\/blog-es\/wp-json\/wp\/v2\/media?parent=262"}],"curies":[{"name":"wp","href":"https:\/\/api.w.org\/{rel}","templated":true}]}}