{"id":260,"date":"2017-07-28T02:49:16","date_gmt":"2017-07-28T02:49:16","guid":{"rendered":"http:\/\/estampillascr.com\/blog-es\/?page_id=260"},"modified":"2019-07-19T03:43:20","modified_gmt":"2019-07-19T03:43:20","slug":"2-centros-invertidos-1907","status":"publish","type":"page","link":"https:\/\/estampillascr.com\/blog-es\/2-centros-invertidos-1907\/","title":{"rendered":"#2: Centros invertidos de 1907"},"content":{"rendered":"<hr \/>\n<p><img fetchpriority=\"high\" decoding=\"async\" class=\"aligncenter wp-image-202 size-large\" src=\"http:\/\/estampillascr.com\/blog-es\/wp-content\/uploads\/2017\/07\/1907-inverted-centers-1024x605.png\" alt=\"Centros invertidos de 1907\" width=\"525\" height=\"310\" srcset=\"https:\/\/estampillascr.com\/blog-es\/wp-content\/uploads\/2017\/07\/1907-inverted-centers-1024x605.png 1024w, https:\/\/estampillascr.com\/blog-es\/wp-content\/uploads\/2017\/07\/1907-inverted-centers-300x177.png 300w, https:\/\/estampillascr.com\/blog-es\/wp-content\/uploads\/2017\/07\/1907-inverted-centers-768x454.png 768w, https:\/\/estampillascr.com\/blog-es\/wp-content\/uploads\/2017\/07\/1907-inverted-centers.png 1219w\" sizes=\"(max-width: 525px) 100vw, 525px\" \/><\/p>\n<p style=\"text-align: center;\">La celebrada y \u00fanica serie de los centros invertidos de 1907. Siete valores que existen con centro invertido. 1c, 2c, 5c, 20c, 50c, 1Col y 2Col + un ejemplar extra del 5c con centro invertido y desplazado. S\u00f3lamente se conoce un ejemplar del 50c, lo que hace esta serie \u00fanica. Desde la venta Bonilla-Lara en 1961, ha cambiado de due\u00f1o varias veces. Los otros valores tambi\u00e9n son bastante raros. Una de las piezas mas importantes de la colecci\u00f3n Mayer.<\/p>\n<p style=\"text-align: center;\"><strong>Precio de venta: $60.000<\/strong><\/p>\n<h6 style=\"text-align: center;\">&lt;-<a href=\"http:\/\/estampillascr.com\/blog-es\/3-combinacion-1-peso-medio-real\/\">Anterior<\/a> \u00a0\u00a0\u00a0 <a href=\"http:\/\/estampillascr.com\/blog-es\/2-cts-1901-centro-invertido\/\">Siguiente<\/a>-&gt;<\/h6>\n<p><strong>No olvide visitar la <a href=\"http:\/\/philasupplies.com\/stamp-collecting-supplies-list\/\" target=\"_blank\" rel=\"noopener\">lista de accesorios filat\u00e9licos<\/a>!<\/strong><\/p>\n<p>No deje de leer nuestros <a href=\"https:\/\/estampillascr.com\/blog-es\/consejos-para-coleccionar-estampillas-o-sellos-de-correo-en-el-siglo-xxi\/\">consejos para coleccionar estampillas en el siglo XXI<\/a>.<\/p>\n<p>Para proteger sus estampillas y tarjetas de las manchas y da\u00f1os recomendamos los <a href=\"http:\/\/amzn.to\/2y6iGqh\">clasificadores Lighthouse<\/a>.<\/p>\n<p><a href=\"http:\/\/amzn.to\/2gjdHMO\">Microscopio digital de 5 MP Celestron.<\/a><\/p>\n<p>Proteja sus pliegos y documentos de gran tama\u00f1o con estas <a href=\"http:\/\/estampillascr.com\/blog\/best-way-store-and-handle-full-stamp-panes\/\">fundas protectoras.<\/a><\/p>\n<p><a href=\"https:\/\/amzn.to\/2SpsVyw\">Medidor de perforaciones manual<\/a>.<\/p>\n<p><a href=\"http:\/\/amzn.to\/2yDcp3J\">Medidor de perforaciones electr\u00f3nico de alta precisi\u00f3n.<\/a><\/p>\n","protected":false},"excerpt":{"rendered":"<p>La celebrada y \u00fanica serie de los centros invertidos de 1907. Siete valores que existen con centro invertido. 1c, 2c, 5c, 20c, 50c, 1Col y 2Col + un ejemplar extra del 5c con centro invertido y desplazado. S\u00f3lamente se conoce un ejemplar del 50c, lo que hace esta serie \u00fanica. Desde la venta Bonilla-Lara en &hellip; <\/p>\n<p class=\"link-more\"><a href=\"https:\/\/estampillascr.com\/blog-es\/2-centros-invertidos-1907\/\" class=\"more-link\">Continuar leyendo<span class=\"screen-reader-text\"> \u00ab#2: Centros invertidos de 1907\u00bb<\/span><\/a><\/p>\n","protected":false},"author":1,"featured_media":0,"parent":0,"menu_order":0,"comment_status":"closed","ping_status":"closed","template":"","meta":{"_monsterinsights_skip_tracking":false,"_monsterinsights_sitenote_active":false,"_monsterinsights_sitenote_note":"","_monsterinsights_sitenote_category":0,"footnotes":""},"class_list":["post-260","page","type-page","status-publish","hentry"],"yoast_head":"<!-- This site is optimized with the Yoast SEO plugin v19.12 - https:\/\/yoast.com\/wordpress\/plugins\/seo\/ -->\n<title>#2: Centros invertidos de 1907 - Estampillas de Costa Rica<\/title>\n<meta name=\"robots\" content=\"index, follow, max-snippet:-1, max-image-preview:large, max-video-preview:-1\" \/>\n<link rel=\"canonical\" href=\"https:\/\/estampillascr.com\/blog-es\/2-centros-invertidos-1907\/\" \/>\n<meta property=\"og:locale\" content=\"es_ES\" \/>\n<meta property=\"og:type\" content=\"article\" \/>\n<meta property=\"og:title\" content=\"#2: Centros invertidos de 1907 - Estampillas de Costa Rica\" \/>\n<meta property=\"og:description\" content=\"La celebrada y \u00fanica serie de los centros invertidos de 1907. Siete valores que existen con centro invertido. 1c, 2c, 5c, 20c, 50c, 1Col y 2Col + un ejemplar extra del 5c con centro invertido y desplazado. S\u00f3lamente se conoce un ejemplar del 50c, lo que hace esta serie \u00fanica. Desde la venta Bonilla-Lara en &hellip; Continuar leyendo &quot;#2: Centros invertidos de 1907&quot;\" \/>\n<meta property=\"og:url\" content=\"https:\/\/estampillascr.com\/blog-es\/2-centros-invertidos-1907\/\" \/>\n<meta property=\"og:site_name\" content=\"Estampillas de Costa Rica\" \/>\n<meta property=\"article:modified_time\" content=\"2019-07-19T03:43:20+00:00\" \/>\n<meta property=\"og:image\" content=\"http:\/\/estampillascr.com\/blog-es\/wp-content\/uploads\/2017\/07\/1907-inverted-centers-1024x605.png\" \/>\n<meta name=\"twitter:card\" content=\"summary_large_image\" \/>\n<meta name=\"twitter:label1\" content=\"Tiempo de lectura\" \/>\n\t<meta name=\"twitter:data1\" content=\"1 minuto\" \/>\n<script type=\"application\/ld+json\" class=\"yoast-schema-graph\">{\"@context\":\"https:\/\/schema.org\",\"@graph\":[{\"@type\":\"WebPage\",\"@id\":\"https:\/\/estampillascr.com\/blog-es\/2-centros-invertidos-1907\/\",\"url\":\"https:\/\/estampillascr.com\/blog-es\/2-centros-invertidos-1907\/\",\"name\":\"#2: Centros invertidos de 1907 - Estampillas de Costa Rica\",\"isPartOf\":{\"@id\":\"https:\/\/estampillascr.com\/blog-es\/#website\"},\"datePublished\":\"2017-07-28T02:49:16+00:00\",\"dateModified\":\"2019-07-19T03:43:20+00:00\",\"breadcrumb\":{\"@id\":\"https:\/\/estampillascr.com\/blog-es\/2-centros-invertidos-1907\/#breadcrumb\"},\"inLanguage\":\"es\",\"potentialAction\":[{\"@type\":\"ReadAction\",\"target\":[\"https:\/\/estampillascr.com\/blog-es\/2-centros-invertidos-1907\/\"]}]},{\"@type\":\"BreadcrumbList\",\"@id\":\"https:\/\/estampillascr.com\/blog-es\/2-centros-invertidos-1907\/#breadcrumb\",\"itemListElement\":[{\"@type\":\"ListItem\",\"position\":1,\"name\":\"Portada\",\"item\":\"https:\/\/estampillascr.com\/blog-es\/\"},{\"@type\":\"ListItem\",\"position\":2,\"name\":\"#2: Centros invertidos de 1907\"}]},{\"@type\":\"WebSite\",\"@id\":\"https:\/\/estampillascr.com\/blog-es\/#website\",\"url\":\"https:\/\/estampillascr.com\/blog-es\/\",\"name\":\"Estampillas de Costa Rica\",\"description\":\"Su fuente de conocimiento filat\u00e9lico (estampillas, historia postal, timbres, tarjetas y mas!)\",\"publisher\":{\"@id\":\"https:\/\/estampillascr.com\/blog-es\/#organization\"},\"potentialAction\":[{\"@type\":\"SearchAction\",\"target\":{\"@type\":\"EntryPoint\",\"urlTemplate\":\"https:\/\/estampillascr.com\/blog-es\/?s={search_term_string}\"},\"query-input\":\"required name=search_term_string\"}],\"inLanguage\":\"es\"},{\"@type\":\"Organization\",\"@id\":\"https:\/\/estampillascr.com\/blog-es\/#organization\",\"name\":\"Estampillas de Costa Rica\",\"url\":\"https:\/\/estampillascr.com\/blog-es\/\",\"logo\":{\"@type\":\"ImageObject\",\"inLanguage\":\"es\",\"@id\":\"https:\/\/estampillascr.com\/blog-es\/#\/schema\/logo\/image\/\",\"url\":\"https:\/\/estampillascr.com\/blog-es\/wp-content\/uploads\/2017\/06\/cropped-logotienda.png\",\"contentUrl\":\"https:\/\/estampillascr.com\/blog-es\/wp-content\/uploads\/2017\/06\/cropped-logotienda.png\",\"width\":988,\"height\":250,\"caption\":\"Estampillas de Costa Rica\"},\"image\":{\"@id\":\"https:\/\/estampillascr.com\/blog-es\/#\/schema\/logo\/image\/\"}}]}<\/script>\n<!-- \/ Yoast SEO plugin. -->","yoast_head_json":{"title":"#2: Centros invertidos de 1907 - Estampillas de Costa Rica","robots":{"index":"index","follow":"follow","max-snippet":"max-snippet:-1","max-image-preview":"max-image-preview:large","max-video-preview":"max-video-preview:-1"},"canonical":"https:\/\/estampillascr.com\/blog-es\/2-centros-invertidos-1907\/","og_locale":"es_ES","og_type":"article","og_title":"#2: Centros invertidos de 1907 - Estampillas de Costa Rica","og_description":"La celebrada y \u00fanica serie de los centros invertidos de 1907. Siete valores que existen con centro invertido. 1c, 2c, 5c, 20c, 50c, 1Col y 2Col + un ejemplar extra del 5c con centro invertido y desplazado. S\u00f3lamente se conoce un ejemplar del 50c, lo que hace esta serie \u00fanica. Desde la venta Bonilla-Lara en &hellip; Continuar leyendo \"#2: Centros invertidos de 1907\"","og_url":"https:\/\/estampillascr.com\/blog-es\/2-centros-invertidos-1907\/","og_site_name":"Estampillas de Costa Rica","article_modified_time":"2019-07-19T03:43:20+00:00","og_image":[{"url":"http:\/\/estampillascr.com\/blog-es\/wp-content\/uploads\/2017\/07\/1907-inverted-centers-1024x605.png"}],"twitter_card":"summary_large_image","twitter_misc":{"Tiempo de lectura":"1 minuto"},"schema":{"@context":"https:\/\/schema.org","@graph":[{"@type":"WebPage","@id":"https:\/\/estampillascr.com\/blog-es\/2-centros-invertidos-1907\/","url":"https:\/\/estampillascr.com\/blog-es\/2-centros-invertidos-1907\/","name":"#2: Centros invertidos de 1907 - Estampillas de Costa Rica","isPartOf":{"@id":"https:\/\/estampillascr.com\/blog-es\/#website"},"datePublished":"2017-07-28T02:49:16+00:00","dateModified":"2019-07-19T03:43:20+00:00","breadcrumb":{"@id":"https:\/\/estampillascr.com\/blog-es\/2-centros-invertidos-1907\/#breadcrumb"},"inLanguage":"es","potentialAction":[{"@type":"ReadAction","target":["https:\/\/estampillascr.com\/blog-es\/2-centros-invertidos-1907\/"]}]},{"@type":"BreadcrumbList","@id":"https:\/\/estampillascr.com\/blog-es\/2-centros-invertidos-1907\/#breadcrumb","itemListElement":[{"@type":"ListItem","position":1,"name":"Portada","item":"https:\/\/estampillascr.com\/blog-es\/"},{"@type":"ListItem","position":2,"name":"#2: Centros invertidos de 1907"}]},{"@type":"WebSite","@id":"https:\/\/estampillascr.com\/blog-es\/#website","url":"https:\/\/estampillascr.com\/blog-es\/","name":"Estampillas de Costa Rica","description":"Su fuente de conocimiento filat\u00e9lico (estampillas, historia postal, timbres, tarjetas y mas!)","publisher":{"@id":"https:\/\/estampillascr.com\/blog-es\/#organization"},"potentialAction":[{"@type":"SearchAction","target":{"@type":"EntryPoint","urlTemplate":"https:\/\/estampillascr.com\/blog-es\/?s={search_term_string}"},"query-input":"required name=search_term_string"}],"inLanguage":"es"},{"@type":"Organization","@id":"https:\/\/estampillascr.com\/blog-es\/#organization","name":"Estampillas de Costa Rica","url":"https:\/\/estampillascr.com\/blog-es\/","logo":{"@type":"ImageObject","inLanguage":"es","@id":"https:\/\/estampillascr.com\/blog-es\/#\/schema\/logo\/image\/","url":"https:\/\/estampillascr.com\/blog-es\/wp-content\/uploads\/2017\/06\/cropped-logotienda.png","contentUrl":"https:\/\/estampillascr.com\/blog-es\/wp-content\/uploads\/2017\/06\/cropped-logotienda.png","width":988,"height":250,"caption":"Estampillas de Costa Rica"},"image":{"@id":"https:\/\/estampillascr.com\/blog-es\/#\/schema\/logo\/image\/"}}]}},"_links":{"self":[{"href":"https:\/\/estampillascr.com\/blog-es\/wp-json\/wp\/v2\/pages\/260","targetHints":{"allow":["GET"]}}],"collection":[{"href":"https:\/\/estampillascr.com\/blog-es\/wp-json\/wp\/v2\/pages"}],"about":[{"href":"https:\/\/estampillascr.com\/blog-es\/wp-json\/wp\/v2\/types\/page"}],"author":[{"embeddable":true,"href":"https:\/\/estampillascr.com\/blog-es\/wp-json\/wp\/v2\/users\/1"}],"replies":[{"embeddable":true,"href":"https:\/\/estampillascr.com\/blog-es\/wp-json\/wp\/v2\/comments?post=260"}],"version-history":[{"count":8,"href":"https:\/\/estampillascr.com\/blog-es\/wp-json\/wp\/v2\/pages\/260\/revisions"}],"predecessor-version":[{"id":660,"href":"https:\/\/estampillascr.com\/blog-es\/wp-json\/wp\/v2\/pages\/260\/revisions\/660"}],"wp:attachment":[{"href":"https:\/\/estampillascr.com\/blog-es\/wp-json\/wp\/v2\/media?parent=260"}],"curies":[{"name":"wp","href":"https:\/\/api.w.org\/{rel}","templated":true}]}}