{"id":218,"date":"2017-07-26T14:45:51","date_gmt":"2017-07-26T14:45:51","guid":{"rendered":"http:\/\/estampillascr.com\/blog-es\/?page_id=218"},"modified":"2019-07-19T03:42:34","modified_gmt":"2019-07-19T03:42:34","slug":"sobrecarga-2-cts-medio-real-primea-emision","status":"publish","type":"page","link":"https:\/\/estampillascr.com\/blog-es\/sobrecarga-2-cts-medio-real-primea-emision\/","title":{"rendered":"#16: Sobrecarga de 2 Cts en Medio Real de Primea Emisi\u00f3n"},"content":{"rendered":"<hr \/>\n<p><img fetchpriority=\"high\" decoding=\"async\" class=\"aligncenter size-full wp-image-183\" src=\"http:\/\/estampillascr.com\/blog-es\/wp-content\/uploads\/2017\/07\/117.jpg\" alt=\"Sobrecarga de 2 Cts en Medio Real\" width=\"425\" height=\"237\" srcset=\"https:\/\/estampillascr.com\/blog-es\/wp-content\/uploads\/2017\/07\/117.jpg 425w, https:\/\/estampillascr.com\/blog-es\/wp-content\/uploads\/2017\/07\/117-300x167.jpg 300w\" sizes=\"(max-width: 425px) 100vw, 425px\" \/><\/p>\n<p>Atada por una cancelaci\u00f3n de San Jos\u00e9 en una carta doblada proveniente de Francia. Cancelaci\u00f3n \u00abSan Jos\u00e9\/27 Julio 82\u00bb junto a la estampilla. Da\u00f1o en la parte inferior de la estampilla. Un poco de decoloraci\u00f3n, pero no afecta a la pieza. La estampilla se utiliz\u00f3 para pagar el porte de 2 Cts por entrega en San Jos\u00e9. Este es el \u00fanico ejemplar con el uso de las sobrecargas U.P.U.<\/p>\n<p style=\"text-align: center;\"><strong>Precio de Venta: $6,750<\/strong><\/p>\n<h6 style=\"text-align: center;\">&lt;-<a href=\"http:\/\/estampillascr.com\/blog-es\/17-1-peso-bernardo-soto\/\">Anterior<\/a> \u00a0 \u00a0 <a href=\"http:\/\/estampillascr.com\/blog-es\/resello-guanacaste-usado\/\">Siguiente<\/a>-&gt;<\/h6>\n<p><strong>No olvide visitar la <a href=\"http:\/\/philasupplies.com\/stamp-collecting-supplies-list\/\" target=\"_blank\" rel=\"noopener\">lista de accesorios filat\u00e9licos<\/a>!<\/strong><\/p>\n<p>No deje de leer nuestros <a href=\"https:\/\/estampillascr.com\/blog-es\/consejos-para-coleccionar-estampillas-o-sellos-de-correo-en-el-siglo-xxi\/\">consejos para coleccionar estampillas en el siglo XXI<\/a>.<\/p>\n<p>Para proteger sus estampillas y tarjetas de las manchas y da\u00f1os recomendamos los <a href=\"http:\/\/amzn.to\/2y6iGqh\">clasificadores Lighthouse<\/a>.<\/p>\n<p><a href=\"http:\/\/amzn.to\/2gjdHMO\">Microscopio digital de 5 MP Celestron.<\/a><\/p>\n<p>Proteja sus pliegos y documentos de gran tama\u00f1o con estas <a href=\"http:\/\/estampillascr.com\/blog\/best-way-store-and-handle-full-stamp-panes\/\">fundas protectoras.<\/a><\/p>\n<p><a href=\"https:\/\/amzn.to\/2SpsVyw\">Medidor de perforaciones manual<\/a>.<\/p>\n<p><a href=\"http:\/\/amzn.to\/2yDcp3J\">Medidor de perforaciones electr\u00f3nico de alta precisi\u00f3n.<\/a><\/p>\n","protected":false},"excerpt":{"rendered":"<p>Atada por una cancelaci\u00f3n de San Jos\u00e9 en una carta doblada proveniente de Francia. Cancelaci\u00f3n \u00abSan Jos\u00e9\/27 Julio 82\u00bb junto a la estampilla. Da\u00f1o en la parte inferior de la estampilla. Un poco de decoloraci\u00f3n, pero no afecta a la pieza. La estampilla se utiliz\u00f3 para pagar el porte de 2 Cts por entrega en &hellip; <\/p>\n<p class=\"link-more\"><a href=\"https:\/\/estampillascr.com\/blog-es\/sobrecarga-2-cts-medio-real-primea-emision\/\" class=\"more-link\">Continuar leyendo<span class=\"screen-reader-text\"> \u00ab#16: Sobrecarga de 2 Cts en Medio Real de Primea Emisi\u00f3n\u00bb<\/span><\/a><\/p>\n","protected":false},"author":1,"featured_media":0,"parent":0,"menu_order":0,"comment_status":"closed","ping_status":"closed","template":"","meta":{"_monsterinsights_skip_tracking":false,"_monsterinsights_sitenote_active":false,"_monsterinsights_sitenote_note":"","_monsterinsights_sitenote_category":0,"footnotes":""},"class_list":["post-218","page","type-page","status-publish","hentry"],"yoast_head":"<!-- This site is optimized with the Yoast SEO plugin v19.12 - https:\/\/yoast.com\/wordpress\/plugins\/seo\/ -->\n<title>#16: Sobrecarga de 2 Cts en Medio Real de Primea Emisi\u00f3n - Estampillas de Costa Rica<\/title>\n<meta name=\"robots\" content=\"index, follow, max-snippet:-1, max-image-preview:large, max-video-preview:-1\" \/>\n<link rel=\"canonical\" href=\"https:\/\/estampillascr.com\/blog-es\/sobrecarga-2-cts-medio-real-primea-emision\/\" \/>\n<meta property=\"og:locale\" content=\"es_ES\" \/>\n<meta property=\"og:type\" content=\"article\" \/>\n<meta property=\"og:title\" content=\"#16: Sobrecarga de 2 Cts en Medio Real de Primea Emisi\u00f3n - Estampillas de Costa Rica\" \/>\n<meta property=\"og:description\" content=\"Atada por una cancelaci\u00f3n de San Jos\u00e9 en una carta doblada proveniente de Francia. Cancelaci\u00f3n \u00abSan Jos\u00e9\/27 Julio 82\u00bb junto a la estampilla. Da\u00f1o en la parte inferior de la estampilla. Un poco de decoloraci\u00f3n, pero no afecta a la pieza. La estampilla se utiliz\u00f3 para pagar el porte de 2 Cts por entrega en &hellip; Continuar leyendo &quot;#16: Sobrecarga de 2 Cts en Medio Real de Primea Emisi\u00f3n&quot;\" \/>\n<meta property=\"og:url\" content=\"https:\/\/estampillascr.com\/blog-es\/sobrecarga-2-cts-medio-real-primea-emision\/\" \/>\n<meta property=\"og:site_name\" content=\"Estampillas de Costa Rica\" \/>\n<meta property=\"article:modified_time\" content=\"2019-07-19T03:42:34+00:00\" \/>\n<meta property=\"og:image\" content=\"http:\/\/estampillascr.com\/blog-es\/wp-content\/uploads\/2017\/07\/117.jpg\" \/>\n<meta name=\"twitter:card\" content=\"summary_large_image\" \/>\n<meta name=\"twitter:label1\" content=\"Tiempo de lectura\" \/>\n\t<meta name=\"twitter:data1\" content=\"1 minuto\" \/>\n<script type=\"application\/ld+json\" class=\"yoast-schema-graph\">{\"@context\":\"https:\/\/schema.org\",\"@graph\":[{\"@type\":\"WebPage\",\"@id\":\"https:\/\/estampillascr.com\/blog-es\/sobrecarga-2-cts-medio-real-primea-emision\/\",\"url\":\"https:\/\/estampillascr.com\/blog-es\/sobrecarga-2-cts-medio-real-primea-emision\/\",\"name\":\"#16: Sobrecarga de 2 Cts en Medio Real de Primea Emisi\u00f3n - Estampillas de Costa Rica\",\"isPartOf\":{\"@id\":\"https:\/\/estampillascr.com\/blog-es\/#website\"},\"datePublished\":\"2017-07-26T14:45:51+00:00\",\"dateModified\":\"2019-07-19T03:42:34+00:00\",\"breadcrumb\":{\"@id\":\"https:\/\/estampillascr.com\/blog-es\/sobrecarga-2-cts-medio-real-primea-emision\/#breadcrumb\"},\"inLanguage\":\"es\",\"potentialAction\":[{\"@type\":\"ReadAction\",\"target\":[\"https:\/\/estampillascr.com\/blog-es\/sobrecarga-2-cts-medio-real-primea-emision\/\"]}]},{\"@type\":\"BreadcrumbList\",\"@id\":\"https:\/\/estampillascr.com\/blog-es\/sobrecarga-2-cts-medio-real-primea-emision\/#breadcrumb\",\"itemListElement\":[{\"@type\":\"ListItem\",\"position\":1,\"name\":\"Portada\",\"item\":\"https:\/\/estampillascr.com\/blog-es\/\"},{\"@type\":\"ListItem\",\"position\":2,\"name\":\"#16: Sobrecarga de 2 Cts en Medio Real de Primea Emisi\u00f3n\"}]},{\"@type\":\"WebSite\",\"@id\":\"https:\/\/estampillascr.com\/blog-es\/#website\",\"url\":\"https:\/\/estampillascr.com\/blog-es\/\",\"name\":\"Estampillas de Costa Rica\",\"description\":\"Su fuente de conocimiento filat\u00e9lico (estampillas, historia postal, timbres, tarjetas y mas!)\",\"publisher\":{\"@id\":\"https:\/\/estampillascr.com\/blog-es\/#organization\"},\"potentialAction\":[{\"@type\":\"SearchAction\",\"target\":{\"@type\":\"EntryPoint\",\"urlTemplate\":\"https:\/\/estampillascr.com\/blog-es\/?s={search_term_string}\"},\"query-input\":\"required name=search_term_string\"}],\"inLanguage\":\"es\"},{\"@type\":\"Organization\",\"@id\":\"https:\/\/estampillascr.com\/blog-es\/#organization\",\"name\":\"Estampillas de Costa Rica\",\"url\":\"https:\/\/estampillascr.com\/blog-es\/\",\"logo\":{\"@type\":\"ImageObject\",\"inLanguage\":\"es\",\"@id\":\"https:\/\/estampillascr.com\/blog-es\/#\/schema\/logo\/image\/\",\"url\":\"https:\/\/estampillascr.com\/blog-es\/wp-content\/uploads\/2017\/06\/cropped-logotienda.png\",\"contentUrl\":\"https:\/\/estampillascr.com\/blog-es\/wp-content\/uploads\/2017\/06\/cropped-logotienda.png\",\"width\":988,\"height\":250,\"caption\":\"Estampillas de Costa Rica\"},\"image\":{\"@id\":\"https:\/\/estampillascr.com\/blog-es\/#\/schema\/logo\/image\/\"}}]}<\/script>\n<!-- \/ Yoast SEO plugin. -->","yoast_head_json":{"title":"#16: Sobrecarga de 2 Cts en Medio Real de Primea Emisi\u00f3n - Estampillas de Costa Rica","robots":{"index":"index","follow":"follow","max-snippet":"max-snippet:-1","max-image-preview":"max-image-preview:large","max-video-preview":"max-video-preview:-1"},"canonical":"https:\/\/estampillascr.com\/blog-es\/sobrecarga-2-cts-medio-real-primea-emision\/","og_locale":"es_ES","og_type":"article","og_title":"#16: Sobrecarga de 2 Cts en Medio Real de Primea Emisi\u00f3n - Estampillas de Costa Rica","og_description":"Atada por una cancelaci\u00f3n de San Jos\u00e9 en una carta doblada proveniente de Francia. Cancelaci\u00f3n \u00abSan Jos\u00e9\/27 Julio 82\u00bb junto a la estampilla. Da\u00f1o en la parte inferior de la estampilla. Un poco de decoloraci\u00f3n, pero no afecta a la pieza. La estampilla se utiliz\u00f3 para pagar el porte de 2 Cts por entrega en &hellip; Continuar leyendo \"#16: Sobrecarga de 2 Cts en Medio Real de Primea Emisi\u00f3n\"","og_url":"https:\/\/estampillascr.com\/blog-es\/sobrecarga-2-cts-medio-real-primea-emision\/","og_site_name":"Estampillas de Costa Rica","article_modified_time":"2019-07-19T03:42:34+00:00","og_image":[{"url":"http:\/\/estampillascr.com\/blog-es\/wp-content\/uploads\/2017\/07\/117.jpg"}],"twitter_card":"summary_large_image","twitter_misc":{"Tiempo de lectura":"1 minuto"},"schema":{"@context":"https:\/\/schema.org","@graph":[{"@type":"WebPage","@id":"https:\/\/estampillascr.com\/blog-es\/sobrecarga-2-cts-medio-real-primea-emision\/","url":"https:\/\/estampillascr.com\/blog-es\/sobrecarga-2-cts-medio-real-primea-emision\/","name":"#16: Sobrecarga de 2 Cts en Medio Real de Primea Emisi\u00f3n - Estampillas de Costa Rica","isPartOf":{"@id":"https:\/\/estampillascr.com\/blog-es\/#website"},"datePublished":"2017-07-26T14:45:51+00:00","dateModified":"2019-07-19T03:42:34+00:00","breadcrumb":{"@id":"https:\/\/estampillascr.com\/blog-es\/sobrecarga-2-cts-medio-real-primea-emision\/#breadcrumb"},"inLanguage":"es","potentialAction":[{"@type":"ReadAction","target":["https:\/\/estampillascr.com\/blog-es\/sobrecarga-2-cts-medio-real-primea-emision\/"]}]},{"@type":"BreadcrumbList","@id":"https:\/\/estampillascr.com\/blog-es\/sobrecarga-2-cts-medio-real-primea-emision\/#breadcrumb","itemListElement":[{"@type":"ListItem","position":1,"name":"Portada","item":"https:\/\/estampillascr.com\/blog-es\/"},{"@type":"ListItem","position":2,"name":"#16: Sobrecarga de 2 Cts en Medio Real de Primea Emisi\u00f3n"}]},{"@type":"WebSite","@id":"https:\/\/estampillascr.com\/blog-es\/#website","url":"https:\/\/estampillascr.com\/blog-es\/","name":"Estampillas de Costa Rica","description":"Su fuente de conocimiento filat\u00e9lico (estampillas, historia postal, timbres, tarjetas y mas!)","publisher":{"@id":"https:\/\/estampillascr.com\/blog-es\/#organization"},"potentialAction":[{"@type":"SearchAction","target":{"@type":"EntryPoint","urlTemplate":"https:\/\/estampillascr.com\/blog-es\/?s={search_term_string}"},"query-input":"required name=search_term_string"}],"inLanguage":"es"},{"@type":"Organization","@id":"https:\/\/estampillascr.com\/blog-es\/#organization","name":"Estampillas de Costa Rica","url":"https:\/\/estampillascr.com\/blog-es\/","logo":{"@type":"ImageObject","inLanguage":"es","@id":"https:\/\/estampillascr.com\/blog-es\/#\/schema\/logo\/image\/","url":"https:\/\/estampillascr.com\/blog-es\/wp-content\/uploads\/2017\/06\/cropped-logotienda.png","contentUrl":"https:\/\/estampillascr.com\/blog-es\/wp-content\/uploads\/2017\/06\/cropped-logotienda.png","width":988,"height":250,"caption":"Estampillas de Costa Rica"},"image":{"@id":"https:\/\/estampillascr.com\/blog-es\/#\/schema\/logo\/image\/"}}]}},"_links":{"self":[{"href":"https:\/\/estampillascr.com\/blog-es\/wp-json\/wp\/v2\/pages\/218","targetHints":{"allow":["GET"]}}],"collection":[{"href":"https:\/\/estampillascr.com\/blog-es\/wp-json\/wp\/v2\/pages"}],"about":[{"href":"https:\/\/estampillascr.com\/blog-es\/wp-json\/wp\/v2\/types\/page"}],"author":[{"embeddable":true,"href":"https:\/\/estampillascr.com\/blog-es\/wp-json\/wp\/v2\/users\/1"}],"replies":[{"embeddable":true,"href":"https:\/\/estampillascr.com\/blog-es\/wp-json\/wp\/v2\/comments?post=218"}],"version-history":[{"count":10,"href":"https:\/\/estampillascr.com\/blog-es\/wp-json\/wp\/v2\/pages\/218\/revisions"}],"predecessor-version":[{"id":653,"href":"https:\/\/estampillascr.com\/blog-es\/wp-json\/wp\/v2\/pages\/218\/revisions\/653"}],"wp:attachment":[{"href":"https:\/\/estampillascr.com\/blog-es\/wp-json\/wp\/v2\/media?parent=218"}],"curies":[{"name":"wp","href":"https:\/\/api.w.org\/{rel}","templated":true}]}}