{"id":214,"date":"2017-07-26T14:16:52","date_gmt":"2017-07-26T14:16:52","guid":{"rendered":"http:\/\/estampillascr.com\/blog-es\/?page_id=214"},"modified":"2019-07-19T03:42:45","modified_gmt":"2019-07-19T03:42:45","slug":"18-2-pesos-bernardo-soto","status":"publish","type":"page","link":"https:\/\/estampillascr.com\/blog-es\/18-2-pesos-bernardo-soto\/","title":{"rendered":"#18: 2 Pesos de Bernardo Soto en sobre"},"content":{"rendered":"<hr \/>\n<p><img fetchpriority=\"high\" decoding=\"async\" class=\"aligncenter size-full wp-image-185\" src=\"http:\/\/estampillascr.com\/blog-es\/wp-content\/uploads\/2017\/07\/141.jpg\" alt=\"2 Pesos de Bernardo Soto\" width=\"425\" height=\"283\" srcset=\"https:\/\/estampillascr.com\/blog-es\/wp-content\/uploads\/2017\/07\/141.jpg 425w, https:\/\/estampillascr.com\/blog-es\/wp-content\/uploads\/2017\/07\/141-300x200.jpg 300w\" sizes=\"(max-width: 425px) 100vw, 425px\" \/><\/p>\n<p style=\"text-align: center;\">Usado en 1891 certificado a Alemania con tr\u00e1nsito en New Orleans y New York y recibo en Hanover. No s\u00f3lamente es un franqueo fant\u00e1stico con la serie de Bernardo Soto, si no uno de los dos ejemplares con el 2 Pesos.<\/p>\n<p style=\"text-align: center;\"><strong>Precio de venta: $1,450<\/strong><\/p>\n<h6 style=\"text-align: center;\">&lt;-<a href=\"http:\/\/estampillascr.com\/blog-es\/19-1-peso-escudos-usado\/\">Anterior<\/a>\u00a0\u00a0\u00a0\u00a0 <a href=\"http:\/\/estampillascr.com\/blog-es\/17-1-peso-bernardo-soto\/\">Siguiente<\/a>-&gt;<\/h6>\n<p><strong>No olvide visitar la <a href=\"http:\/\/philasupplies.com\/stamp-collecting-supplies-list\/\" target=\"_blank\" rel=\"noopener\">lista de accesorios filat\u00e9licos<\/a>!<\/strong><\/p>\n<p>No deje de leer nuestros <a href=\"https:\/\/estampillascr.com\/blog-es\/consejos-para-coleccionar-estampillas-o-sellos-de-correo-en-el-siglo-xxi\/\">consejos para coleccionar estampillas en el siglo XXI<\/a>.<\/p>\n<p>Para proteger sus estampillas y tarjetas de las manchas y da\u00f1os recomendamos los <a href=\"http:\/\/amzn.to\/2y6iGqh\">clasificadores Lighthouse<\/a>.<\/p>\n<p><a href=\"http:\/\/amzn.to\/2gjdHMO\">Microscopio digital de 5 MP Celestron.<\/a><\/p>\n<p>Proteja sus pliegos y documentos de gran tama\u00f1o con estas <a href=\"http:\/\/estampillascr.com\/blog\/best-way-store-and-handle-full-stamp-panes\/\">fundas protectoras.<\/a><\/p>\n<p><a href=\"https:\/\/amzn.to\/2SpsVyw\">Medidor de perforaciones manual<\/a>.<\/p>\n<p><a href=\"http:\/\/amzn.to\/2yDcp3J\">Medidor de perforaciones electr\u00f3nico de alta precisi\u00f3n.<\/a><\/p>\n","protected":false},"excerpt":{"rendered":"<p>Usado en 1891 certificado a Alemania con tr\u00e1nsito en New Orleans y New York y recibo en Hanover. No s\u00f3lamente es un franqueo fant\u00e1stico con la serie de Bernardo Soto, si no uno de los dos ejemplares con el 2 Pesos. Precio de venta: $1,450 &lt;-Anterior\u00a0\u00a0\u00a0\u00a0 Siguiente-&gt; No olvide visitar la lista de accesorios filat\u00e9licos! &hellip; <\/p>\n<p class=\"link-more\"><a href=\"https:\/\/estampillascr.com\/blog-es\/18-2-pesos-bernardo-soto\/\" class=\"more-link\">Continuar leyendo<span class=\"screen-reader-text\"> \u00ab#18: 2 Pesos de Bernardo Soto en sobre\u00bb<\/span><\/a><\/p>\n","protected":false},"author":1,"featured_media":0,"parent":0,"menu_order":0,"comment_status":"closed","ping_status":"closed","template":"","meta":{"_monsterinsights_skip_tracking":false,"_monsterinsights_sitenote_active":false,"_monsterinsights_sitenote_note":"","_monsterinsights_sitenote_category":0,"footnotes":""},"class_list":["post-214","page","type-page","status-publish","hentry"],"yoast_head":"<!-- This site is optimized with the Yoast SEO plugin v19.12 - https:\/\/yoast.com\/wordpress\/plugins\/seo\/ -->\n<title>#18: 2 Pesos de Bernardo Soto en sobre - Estampillas de Costa Rica<\/title>\n<meta name=\"robots\" content=\"index, follow, max-snippet:-1, max-image-preview:large, max-video-preview:-1\" \/>\n<link rel=\"canonical\" href=\"https:\/\/estampillascr.com\/blog-es\/18-2-pesos-bernardo-soto\/\" \/>\n<meta property=\"og:locale\" content=\"es_ES\" \/>\n<meta property=\"og:type\" content=\"article\" \/>\n<meta property=\"og:title\" content=\"#18: 2 Pesos de Bernardo Soto en sobre - Estampillas de Costa Rica\" \/>\n<meta property=\"og:description\" content=\"Usado en 1891 certificado a Alemania con tr\u00e1nsito en New Orleans y New York y recibo en Hanover. No s\u00f3lamente es un franqueo fant\u00e1stico con la serie de Bernardo Soto, si no uno de los dos ejemplares con el 2 Pesos. Precio de venta: $1,450 &lt;-Anterior\u00a0\u00a0\u00a0\u00a0 Siguiente-&gt; No olvide visitar la lista de accesorios filat\u00e9licos! &hellip; Continuar leyendo &quot;#18: 2 Pesos de Bernardo Soto en sobre&quot;\" \/>\n<meta property=\"og:url\" content=\"https:\/\/estampillascr.com\/blog-es\/18-2-pesos-bernardo-soto\/\" \/>\n<meta property=\"og:site_name\" content=\"Estampillas de Costa Rica\" \/>\n<meta property=\"article:modified_time\" content=\"2019-07-19T03:42:45+00:00\" \/>\n<meta property=\"og:image\" content=\"http:\/\/estampillascr.com\/blog-es\/wp-content\/uploads\/2017\/07\/141.jpg\" \/>\n<meta name=\"twitter:card\" content=\"summary_large_image\" \/>\n<meta name=\"twitter:label1\" content=\"Tiempo de lectura\" \/>\n\t<meta name=\"twitter:data1\" content=\"1 minuto\" \/>\n<script type=\"application\/ld+json\" class=\"yoast-schema-graph\">{\"@context\":\"https:\/\/schema.org\",\"@graph\":[{\"@type\":\"WebPage\",\"@id\":\"https:\/\/estampillascr.com\/blog-es\/18-2-pesos-bernardo-soto\/\",\"url\":\"https:\/\/estampillascr.com\/blog-es\/18-2-pesos-bernardo-soto\/\",\"name\":\"#18: 2 Pesos de Bernardo Soto en sobre - Estampillas de Costa Rica\",\"isPartOf\":{\"@id\":\"https:\/\/estampillascr.com\/blog-es\/#website\"},\"datePublished\":\"2017-07-26T14:16:52+00:00\",\"dateModified\":\"2019-07-19T03:42:45+00:00\",\"breadcrumb\":{\"@id\":\"https:\/\/estampillascr.com\/blog-es\/18-2-pesos-bernardo-soto\/#breadcrumb\"},\"inLanguage\":\"es\",\"potentialAction\":[{\"@type\":\"ReadAction\",\"target\":[\"https:\/\/estampillascr.com\/blog-es\/18-2-pesos-bernardo-soto\/\"]}]},{\"@type\":\"BreadcrumbList\",\"@id\":\"https:\/\/estampillascr.com\/blog-es\/18-2-pesos-bernardo-soto\/#breadcrumb\",\"itemListElement\":[{\"@type\":\"ListItem\",\"position\":1,\"name\":\"Portada\",\"item\":\"https:\/\/estampillascr.com\/blog-es\/\"},{\"@type\":\"ListItem\",\"position\":2,\"name\":\"#18: 2 Pesos de Bernardo Soto en sobre\"}]},{\"@type\":\"WebSite\",\"@id\":\"https:\/\/estampillascr.com\/blog-es\/#website\",\"url\":\"https:\/\/estampillascr.com\/blog-es\/\",\"name\":\"Estampillas de Costa Rica\",\"description\":\"Su fuente de conocimiento filat\u00e9lico (estampillas, historia postal, timbres, tarjetas y mas!)\",\"publisher\":{\"@id\":\"https:\/\/estampillascr.com\/blog-es\/#organization\"},\"potentialAction\":[{\"@type\":\"SearchAction\",\"target\":{\"@type\":\"EntryPoint\",\"urlTemplate\":\"https:\/\/estampillascr.com\/blog-es\/?s={search_term_string}\"},\"query-input\":\"required name=search_term_string\"}],\"inLanguage\":\"es\"},{\"@type\":\"Organization\",\"@id\":\"https:\/\/estampillascr.com\/blog-es\/#organization\",\"name\":\"Estampillas de Costa Rica\",\"url\":\"https:\/\/estampillascr.com\/blog-es\/\",\"logo\":{\"@type\":\"ImageObject\",\"inLanguage\":\"es\",\"@id\":\"https:\/\/estampillascr.com\/blog-es\/#\/schema\/logo\/image\/\",\"url\":\"https:\/\/estampillascr.com\/blog-es\/wp-content\/uploads\/2017\/06\/cropped-logotienda.png\",\"contentUrl\":\"https:\/\/estampillascr.com\/blog-es\/wp-content\/uploads\/2017\/06\/cropped-logotienda.png\",\"width\":988,\"height\":250,\"caption\":\"Estampillas de Costa Rica\"},\"image\":{\"@id\":\"https:\/\/estampillascr.com\/blog-es\/#\/schema\/logo\/image\/\"}}]}<\/script>\n<!-- \/ Yoast SEO plugin. -->","yoast_head_json":{"title":"#18: 2 Pesos de Bernardo Soto en sobre - Estampillas de Costa Rica","robots":{"index":"index","follow":"follow","max-snippet":"max-snippet:-1","max-image-preview":"max-image-preview:large","max-video-preview":"max-video-preview:-1"},"canonical":"https:\/\/estampillascr.com\/blog-es\/18-2-pesos-bernardo-soto\/","og_locale":"es_ES","og_type":"article","og_title":"#18: 2 Pesos de Bernardo Soto en sobre - Estampillas de Costa Rica","og_description":"Usado en 1891 certificado a Alemania con tr\u00e1nsito en New Orleans y New York y recibo en Hanover. No s\u00f3lamente es un franqueo fant\u00e1stico con la serie de Bernardo Soto, si no uno de los dos ejemplares con el 2 Pesos. Precio de venta: $1,450 &lt;-Anterior\u00a0\u00a0\u00a0\u00a0 Siguiente-&gt; No olvide visitar la lista de accesorios filat\u00e9licos! &hellip; Continuar leyendo \"#18: 2 Pesos de Bernardo Soto en sobre\"","og_url":"https:\/\/estampillascr.com\/blog-es\/18-2-pesos-bernardo-soto\/","og_site_name":"Estampillas de Costa Rica","article_modified_time":"2019-07-19T03:42:45+00:00","og_image":[{"url":"http:\/\/estampillascr.com\/blog-es\/wp-content\/uploads\/2017\/07\/141.jpg"}],"twitter_card":"summary_large_image","twitter_misc":{"Tiempo de lectura":"1 minuto"},"schema":{"@context":"https:\/\/schema.org","@graph":[{"@type":"WebPage","@id":"https:\/\/estampillascr.com\/blog-es\/18-2-pesos-bernardo-soto\/","url":"https:\/\/estampillascr.com\/blog-es\/18-2-pesos-bernardo-soto\/","name":"#18: 2 Pesos de Bernardo Soto en sobre - Estampillas de Costa Rica","isPartOf":{"@id":"https:\/\/estampillascr.com\/blog-es\/#website"},"datePublished":"2017-07-26T14:16:52+00:00","dateModified":"2019-07-19T03:42:45+00:00","breadcrumb":{"@id":"https:\/\/estampillascr.com\/blog-es\/18-2-pesos-bernardo-soto\/#breadcrumb"},"inLanguage":"es","potentialAction":[{"@type":"ReadAction","target":["https:\/\/estampillascr.com\/blog-es\/18-2-pesos-bernardo-soto\/"]}]},{"@type":"BreadcrumbList","@id":"https:\/\/estampillascr.com\/blog-es\/18-2-pesos-bernardo-soto\/#breadcrumb","itemListElement":[{"@type":"ListItem","position":1,"name":"Portada","item":"https:\/\/estampillascr.com\/blog-es\/"},{"@type":"ListItem","position":2,"name":"#18: 2 Pesos de Bernardo Soto en sobre"}]},{"@type":"WebSite","@id":"https:\/\/estampillascr.com\/blog-es\/#website","url":"https:\/\/estampillascr.com\/blog-es\/","name":"Estampillas de Costa Rica","description":"Su fuente de conocimiento filat\u00e9lico (estampillas, historia postal, timbres, tarjetas y mas!)","publisher":{"@id":"https:\/\/estampillascr.com\/blog-es\/#organization"},"potentialAction":[{"@type":"SearchAction","target":{"@type":"EntryPoint","urlTemplate":"https:\/\/estampillascr.com\/blog-es\/?s={search_term_string}"},"query-input":"required name=search_term_string"}],"inLanguage":"es"},{"@type":"Organization","@id":"https:\/\/estampillascr.com\/blog-es\/#organization","name":"Estampillas de Costa Rica","url":"https:\/\/estampillascr.com\/blog-es\/","logo":{"@type":"ImageObject","inLanguage":"es","@id":"https:\/\/estampillascr.com\/blog-es\/#\/schema\/logo\/image\/","url":"https:\/\/estampillascr.com\/blog-es\/wp-content\/uploads\/2017\/06\/cropped-logotienda.png","contentUrl":"https:\/\/estampillascr.com\/blog-es\/wp-content\/uploads\/2017\/06\/cropped-logotienda.png","width":988,"height":250,"caption":"Estampillas de Costa Rica"},"image":{"@id":"https:\/\/estampillascr.com\/blog-es\/#\/schema\/logo\/image\/"}}]}},"_links":{"self":[{"href":"https:\/\/estampillascr.com\/blog-es\/wp-json\/wp\/v2\/pages\/214","targetHints":{"allow":["GET"]}}],"collection":[{"href":"https:\/\/estampillascr.com\/blog-es\/wp-json\/wp\/v2\/pages"}],"about":[{"href":"https:\/\/estampillascr.com\/blog-es\/wp-json\/wp\/v2\/types\/page"}],"author":[{"embeddable":true,"href":"https:\/\/estampillascr.com\/blog-es\/wp-json\/wp\/v2\/users\/1"}],"replies":[{"embeddable":true,"href":"https:\/\/estampillascr.com\/blog-es\/wp-json\/wp\/v2\/comments?post=214"}],"version-history":[{"count":8,"href":"https:\/\/estampillascr.com\/blog-es\/wp-json\/wp\/v2\/pages\/214\/revisions"}],"predecessor-version":[{"id":655,"href":"https:\/\/estampillascr.com\/blog-es\/wp-json\/wp\/v2\/pages\/214\/revisions\/655"}],"wp:attachment":[{"href":"https:\/\/estampillascr.com\/blog-es\/wp-json\/wp\/v2\/media?parent=214"}],"curies":[{"name":"wp","href":"https:\/\/api.w.org\/{rel}","templated":true}]}}